{"id":61,"date":"2021-03-04T16:52:31","date_gmt":"2021-03-04T22:52:31","guid":{"rendered":"http:\/\/exp.swswebs.org\/?page_id=61"},"modified":"2022-06-27T17:48:55","modified_gmt":"2022-06-27T22:48:55","slug":"home","status":"publish","type":"page","link":"https:\/\/southernillinoisexports.org\/es\/","title":{"rendered":"Inicio"},"content":{"rendered":"<div class=\"cols-wrapper cols-2 one3-two3\">\n<div class=\"col\">\n<div id=\"attachment_289\" style=\"width: 434px\" class=\"wp-caption aligncenter\"><img aria-describedby=\"caption-attachment-289\" loading=\"lazy\" class=\"size-full wp-image-289\" src=\"http:\/\/southernillinoisexports.org\/wp-content\/uploads\/midamerica-airport.jpg\" alt=\"\" width=\"424\" height=\"309\" srcset=\"https:\/\/southernillinoisexports.org\/wp-content\/uploads\/midamerica-airport.jpg 424w, https:\/\/southernillinoisexports.org\/wp-content\/uploads\/midamerica-airport-300x219.jpg 300w, https:\/\/southernillinoisexports.org\/wp-content\/uploads\/midamerica-airport-150x109.jpg 150w\" sizes=\"(max-width: 424px) 100vw, 424px\" \/><p id=\"caption-attachment-289\" class=\"wp-caption-text\">Aeropuerto MidAmerica<\/p><\/div>\n<div id=\"attachment_290\" style=\"width: 434px\" class=\"wp-caption aligncenter\"><img aria-describedby=\"caption-attachment-290\" loading=\"lazy\" class=\"wp-image-290 size-full\" src=\"http:\/\/southernillinoisexports.org\/wp-content\/uploads\/regional-freightway.jpg\" alt=\"\" width=\"424\" height=\"309\" srcset=\"https:\/\/southernillinoisexports.org\/wp-content\/uploads\/regional-freightway.jpg 424w, https:\/\/southernillinoisexports.org\/wp-content\/uploads\/regional-freightway-300x219.jpg 300w, https:\/\/southernillinoisexports.org\/wp-content\/uploads\/regional-freightway-150x109.jpg 150w\" sizes=\"(max-width: 424px) 100vw, 424px\" \/><p id=\"caption-attachment-290\" class=\"wp-caption-text\">St. Louis Regional Freightway<\/p><\/div>\n<\/div>\n<div class=\"col nomargin\">\n<h3><\/h3>\n<h2>\u00bfPOR QU\u00c9 EL SUR DE ILLINOIS?<\/h2>\n<p>El sur de Illinois, el tercio sur de la tierra de Lincoln, es una regi\u00f3n con una poblaci\u00f3n combinada de m\u00e1s de un mill\u00f3n de habitantes y alberga grandes empresas nacionales e internacionales de fabricaci\u00f3n, agricultura y log\u00edstica, como Amazon, P&amp;G, Walgreens, Hershey, World Wide Technology, Boeing, ADM, FedEx, Phillips 66, Prairie Farms, Continental Tires, Pepsi MidAmerica, North American Lighting y Toyota Boshoku.\n\nEl sur de Illinois tambi\u00e9n cuenta con decenas de miles de peque\u00f1as y medianas empresas establecidas, una mano de obra altamente calificada, abundantes recursos naturales y una s\u00f3lida red de infraestructuras de transporte y distribuci\u00f3n.<\/p>\n<p class=\" translation-block\">Illinois es el quinto Estado exportador en Estados Unidos y el primero en el Medio Oeste en cuanto a exportaciones totales. La regi\u00f3n del sur hace una contribuci\u00f3n significativa al total de m\u00e1s de 60.000 millones de d\u00f3lares en productos que se env\u00edan a m\u00e1s de 200 pa\u00edses por a\u00f1o. Las principales industrias exportadoras del sur de Illinois son las de maquinaria industrial, miner\u00eda, transporte, agricultura, electr\u00f3nica, electricidad, metales, pl\u00e1sticos, productos qu\u00edmicos y bienes de consumo.<\/p>\n<p>&nbsp;<\/p>\n<h2>INFRAESTRUCTURA LOG\u00cdSTICA DE NIVEL MUNDIAL<\/h2>\n<p>La robusta econom\u00eda de la regi\u00f3n tiene el respaldo de una infraestructura log\u00edstica de nivel mundial cuyos recursos naturales y artificiales facilitan el comercio internacional y las exportaciones. Esta infraestructura mueve personas y productos con rapidez y eficacia, y as\u00ed conecta a compradores y vendedores de todo el mundo.<\/p>\n<p><a class=\"button\" href=\"https:\/\/southernillinoisexports.org\/es\/why-southern-illinois\/\">M\u00c1S INFORMACI\u00d3N<\/a><\/p>\n<p>&nbsp;<\/p>\n<\/div>\n<\/div>\n<p>&nbsp;<\/p>\n<div class=\"section-full-width section-light2\" style=\"background-color:#EDF5F7;\" id=\"section-1\"><div class=\"section-boxed\" style=\"color:#777777;\"><\/p>\n<h2 style=\"text-align: left;\">\u00a1CON\u00c9CTESE CON NOSOTROS!<\/h2>\n<p style=\"text-align: left;\" class=\" translation-block\">Invitamos a los compradores internacionales interesados a ponerse en contacto con los proveedores del sur de Illinois. Solo deben hacer clic en el bot\u00f3n \"Quiero conectarme\" y completar el formulario correspondiente a trav\u00e9s de este sencillo directorio en l\u00ednea. Si necesita ayuda con el directorio o m\u00e1s informaci\u00f3n sobre proveedores del sur de Illinois, p\u00f3ngase en contacto con nosotros a: <strong><a href=\"mailto:International-Trade-Center@siue.edu\" target=\"_self\">International-Trade-Center@siue.edu<\/a><\/strong>.<\/p>\n<p style=\"text-align: left;\">Todos los listados de empresas fueron revisados por el Centro de\u00a0<strong><a href=\"https:\/\/www.siue.edu\/business\/itc\"><strong>Comercio Internacional SBDC de Illinois en SIUE<\/strong><\/a><\/strong>.<\/p>\n<p style=\"text-align: left;\">Invitamos a los exportadores del sur de Illinois a que soliciten ser miembros registrados de este directorio en l\u00ednea. Solo deben completar\u00a0<strong><a href=\"https:\/\/southernillinoisexports.org\/es\/join-the-directory\/\"><u>este formulario<\/u><\/a><\/strong>.<\/p>\n<p style=\"text-align: left;\">Los invitamos a abrir otra puerta de crecimiento y oportunidades para su negocio.<\/p>\n<p style=\"text-align: left; margin-top: 25px;\"><a class=\"button\" href=\"https:\/\/southernillinoisexports.org\/es\/join-the-directory\/\">QUIERO CONECTARME<\/a><\/p>\n<p>\n<\/div><\/div>\n<p>&nbsp;<\/p>\n<div class=\"cols-wrapper cols-2 two3-one3 noPad\">\n<div class=\"col\">\n<p><img loading=\"lazy\" class=\"size-full wp-image-67 alignnone\" src=\"http:\/\/southernillinoisexports.org\/wp-content\/uploads\/home-agriculture.jpg\" alt=\"\" width=\"743\" height=\"321\" srcset=\"https:\/\/southernillinoisexports.org\/wp-content\/uploads\/home-agriculture.jpg 743w, https:\/\/southernillinoisexports.org\/wp-content\/uploads\/home-agriculture-300x130.jpg 300w\" sizes=\"(max-width: 743px) 100vw, 743px\" \/><\/p>\n<\/div>\n<div class=\"col nomargin\">\n<p><img loading=\"lazy\" class=\"size-full wp-image-68 alignnone\" src=\"http:\/\/southernillinoisexports.org\/wp-content\/uploads\/home-healthcare.jpg\" alt=\"\" width=\"346\" height=\"321\" srcset=\"https:\/\/southernillinoisexports.org\/wp-content\/uploads\/home-healthcare.jpg 346w, https:\/\/southernillinoisexports.org\/wp-content\/uploads\/home-healthcare-300x278.jpg 300w\" sizes=\"(max-width: 346px) 100vw, 346px\" \/><\/p>\n<\/div>\n<\/div>\n<div class=\"cols-wrapper cols-2 one3-two3 noPad\">\n<div class=\"col\">\n<p><img loading=\"lazy\" class=\"size-full wp-image-71 alignnone\" src=\"http:\/\/southernillinoisexports.org\/wp-content\/uploads\/home-oil-gas.jpg\" alt=\"\" width=\"346\" height=\"321\" srcset=\"https:\/\/southernillinoisexports.org\/wp-content\/uploads\/home-oil-gas.jpg 346w, https:\/\/southernillinoisexports.org\/wp-content\/uploads\/home-oil-gas-300x278.jpg 300w\" sizes=\"(max-width: 346px) 100vw, 346px\" \/><\/p>\n<\/div>\n<div class=\"col nomargin\">\n<p><img loading=\"lazy\" class=\"size-full wp-image-72 alignnone\" src=\"http:\/\/southernillinoisexports.org\/wp-content\/uploads\/home-manufacture.jpg\" alt=\"\" width=\"743\" height=\"321\" srcset=\"https:\/\/southernillinoisexports.org\/wp-content\/uploads\/home-manufacture.jpg 743w, https:\/\/southernillinoisexports.org\/wp-content\/uploads\/home-manufacture-300x130.jpg 300w\" sizes=\"(max-width: 743px) 100vw, 743px\" \/><\/p>\n<\/div>\n<\/div>\n<p>&nbsp;<\/p>","protected":false},"excerpt":{"rendered":"<p>Why Southern Illinois? Southern Illinois \u2013 the southern third of the Land of Lincoln \u2013 is a region with a [&hellip;]<\/p>","protected":false},"author":1,"featured_media":0,"parent":0,"menu_order":0,"comment_status":"closed","ping_status":"closed","template":"template-full-custom.php","meta":[],"_links":{"self":[{"href":"https:\/\/southernillinoisexports.org\/es\/wp-json\/wp\/v2\/pages\/61"}],"collection":[{"href":"https:\/\/southernillinoisexports.org\/es\/wp-json\/wp\/v2\/pages"}],"about":[{"href":"https:\/\/southernillinoisexports.org\/es\/wp-json\/wp\/v2\/types\/page"}],"author":[{"embeddable":true,"href":"https:\/\/southernillinoisexports.org\/es\/wp-json\/wp\/v2\/users\/1"}],"replies":[{"embeddable":true,"href":"https:\/\/southernillinoisexports.org\/es\/wp-json\/wp\/v2\/comments?post=61"}],"version-history":[{"count":27,"href":"https:\/\/southernillinoisexports.org\/es\/wp-json\/wp\/v2\/pages\/61\/revisions"}],"predecessor-version":[{"id":312,"href":"https:\/\/southernillinoisexports.org\/es\/wp-json\/wp\/v2\/pages\/61\/revisions\/312"}],"wp:attachment":[{"href":"https:\/\/southernillinoisexports.org\/es\/wp-json\/wp\/v2\/media?parent=61"}],"curies":[{"name":"wp","href":"https:\/\/api.w.org\/{rel}","templated":true}]}}