{"id":281,"date":"2022-04-22T13:27:15","date_gmt":"2022-04-22T18:27:15","guid":{"rendered":"http:\/\/exp.swswebs.org\/?page_id=281"},"modified":"2022-10-27T15:16:58","modified_gmt":"2022-10-27T20:16:58","slug":"connect","status":"publish","type":"page","link":"https:\/\/southernillinoisexports.org\/es\/connect\/","title":{"rendered":"Con\u00e9ctese"},"content":{"rendered":"<div class=\"cols-wrapper cols-3\">\n<div class=\"col\">\n<p><img loading=\"lazy\" class=\"aligncenter size-full wp-image-282\" src=\"http:\/\/southernillinoisexports.org\/wp-content\/uploads\/phone-1.png\" alt=\"\" width=\"100\" height=\"98\" \/><\/p>\n<h3 style=\"text-align: center;\"><strong>+1 (618) 650-2452<\/strong><\/h3>\n<\/div>\n<div class=\"col\">\n<p><img loading=\"lazy\" class=\"aligncenter size-full wp-image-283\" src=\"http:\/\/southernillinoisexports.org\/wp-content\/uploads\/fax-1.png\" alt=\"\" width=\"100\" height=\"98\" \/><\/p>\n<h3 style=\"text-align: center;\"><strong>+1 (618) 650-2647<\/strong><\/h3>\n<\/div>\n<div class=\"col nomargin\">\n<p><img loading=\"lazy\" class=\"aligncenter size-full wp-image-285\" src=\"http:\/\/southernillinoisexports.org\/wp-content\/uploads\/email-1.png\" alt=\"\" width=\"100\" height=\"98\" \/><\/p>\n<h3 style=\"text-align: center;\"><strong><a href=\"mailto:international-trade-center@siue.edu\">Enviar un mensaje<\/a><\/strong><\/h3>\n<\/div>\n<\/div>\n<div class=\"section-full-width section-light2\" style=\"background-color:#EDF5F7;\" id=\"section-1\"><div class=\"section-boxed\" style=\"color:#777777;\"><\/p>\n<h2 style=\"text-align: left;\">\u00a1CON\u00c9CTESE CON NOSOTROS!<\/h2>\n<p style=\"text-align: left;\" class=\" translation-block\">Invitamos a los compradores internacionales interesados a ponerse en contacto con los proveedores del sur de Illinois. Solo deben hacer clic en el bot\u00f3n \"Quiero conectarme\" y completar el formulario correspondiente a trav\u00e9s de este sencillo directorio en l\u00ednea. Si necesita ayuda con el directorio o m\u00e1s informaci\u00f3n sobre proveedores del sur de Illinois, p\u00f3ngase en contacto con nosotros a: <strong><a href=\"mailto:International-Trade-Center@siue.edu\" target=\"_self\">International-Trade-Center@siue.edu<\/a><\/strong>.<\/p>\n<p style=\"text-align: left;\">Todos los listados de empresas fueron revisados por el Centro de <strong><a href=\"https:\/\/www.siue.edu\/business\/itc\"><strong>Comercio Internacional SBDC de Illinois en SIUE<\/strong><\/a><\/strong>.<\/p>\n<p style=\"text-align: left;\">Invitamos a los exportadores del sur de Illinois a que soliciten ser miembros registrados de este directorio en l\u00ednea. Solo deben completar <strong><a href=\"https:\/\/southernillinoisexports.org\/es\/join-the-directory\/\"><u>este formulario<\/u><\/a><\/strong>.<\/p>\n<p style=\"text-align: left;\">Los invitamos a abrir otra puerta de crecimiento y oportunidades para su negocio.<\/p>\n<p style=\"text-align: left; margin-top: 25px;\"><a class=\"button\" href=\"https:\/\/southernillinoisexports.org\/es\/join-the-directory\/\">QUIERO CONECTARME<\/a><\/p>\n<p>\n<\/div><\/div>","protected":false},"excerpt":{"rendered":"<p>+1 (618) 650-2452 +1 (618) 650-2647 Send Message<\/p>","protected":false},"author":1,"featured_media":0,"parent":0,"menu_order":0,"comment_status":"closed","ping_status":"closed","template":"template-full-custom.php","meta":[],"_links":{"self":[{"href":"https:\/\/southernillinoisexports.org\/es\/wp-json\/wp\/v2\/pages\/281"}],"collection":[{"href":"https:\/\/southernillinoisexports.org\/es\/wp-json\/wp\/v2\/pages"}],"about":[{"href":"https:\/\/southernillinoisexports.org\/es\/wp-json\/wp\/v2\/types\/page"}],"author":[{"embeddable":true,"href":"https:\/\/southernillinoisexports.org\/es\/wp-json\/wp\/v2\/users\/1"}],"replies":[{"embeddable":true,"href":"https:\/\/southernillinoisexports.org\/es\/wp-json\/wp\/v2\/comments?post=281"}],"version-history":[{"count":7,"href":"https:\/\/southernillinoisexports.org\/es\/wp-json\/wp\/v2\/pages\/281\/revisions"}],"predecessor-version":[{"id":622,"href":"https:\/\/southernillinoisexports.org\/es\/wp-json\/wp\/v2\/pages\/281\/revisions\/622"}],"wp:attachment":[{"href":"https:\/\/southernillinoisexports.org\/es\/wp-json\/wp\/v2\/media?parent=281"}],"curies":[{"name":"wp","href":"https:\/\/api.w.org\/{rel}","templated":true}]}}