{"id":159,"date":"2021-06-08T16:41:57","date_gmt":"2021-06-08T21:41:57","guid":{"rendered":"http:\/\/exp.swswebs.org\/?page_id=159"},"modified":"2022-04-22T13:57:25","modified_gmt":"2022-04-22T18:57:25","slug":"join-the-directory","status":"publish","type":"page","link":"https:\/\/southernillinoisexports.org\/es\/join-the-directory\/","title":{"rendered":"SUMARSE AL DIRECTORIO"},"content":{"rendered":"<p>El directorio de exportaciones del sur de Illinois es una herramienta de marketing sin costo que facilita las conexiones virtuales entre compradores internacionales y proveedores de la regi\u00f3n del sur de Illinois para fomentar las ventas internacionales, apoyar la actividad manufacturera y el crecimiento de las peque\u00f1as empresas en el sur del Estado de Illinois. Para registrarse como exportador del sur de Illinois, proporcione la siguiente informaci\u00f3n:<\/p>\n<p><u>Para poder figurar en el directorio de exportaciones del sur de Illinois, su empresa debe cumplir los siguientes requisitos:<\/u><\/p>\n<ul>\n<li>Estar registrada en el Estado de Illinois<\/li>\n<li>Estar f\u00edsicamente situada en la regi\u00f3n del sur de Illinois<\/li>\n<li>Ser una peque\u00f1a empresa (500 empleados o menos)<\/li>\n<li>Estar exportando actualmente<\/li>\n<\/ul>\n<p><u>Tenga en cuenta que la \u00fanica informaci\u00f3n que se har\u00e1 p\u00fablica en el directorio ser\u00e1 la siguiente:<\/u><\/p>\n<ul>\n<li>Nombre de la empresa<\/li>\n<li>SECTOR *<\/li>\n<li>Breve descripci\u00f3n del producto o servicio<\/li>\n<li>SITIO WEB<\/li>\n<li>C\u00f3digo(s) HS (si corresponde)<\/li>\n<\/ul>\n<p>Cualquier informaci\u00f3n adicional que se pueda recopilar sobre usted ser\u00e1 confidencial y se utilizar\u00e1 \u00fanicamente con fines internos y para ayudar a que usted se conecte con compradores internacionales.<\/p>\n<p>&nbsp;<\/p>\n<p>Si tiene preguntas, comun\u00edquese con el Centro de Comercio Internacional SBDC de Illinois en SIUE a: <a href=\"mailto:International-Trade-Center@siue.edu\">International-Trade-Center@siue.edu<\/a><\/p>\n<p><em>\u00a0<\/em>\n<div id=\"wpbdp-submit-listing\" class=\"wpbdp-submit-page wpbdp-page\">\n    <form action=\"\" method=\"post\" data-ajax-url=\"https:\/\/southernillinoisexports.org\/wp-admin\/admin-ajax.php\" enctype=\"multipart\/form-data\" data-trp-original-action=\"\">\n        <input type=\"hidden\" id=\"_wpnonce\" name=\"_wpnonce\" value=\"192ed02a31\" \/><input type=\"hidden\" name=\"_wp_http_referer\" value=\"\/es\/wp-json\/wp\/v2\/pages\/159\" \/>        <input type=\"hidden\" name=\"listing_id\" value=\"7170\" \/>\n        <input type=\"hidden\" name=\"editing\" value=\"0\" \/>\n        <input type=\"hidden\" name=\"save_listing\" value=\"1\" \/>\n        <input type=\"hidden\" name=\"reset\" value=\"\" \/>\n        <input type=\"hidden\" name=\"current_section\" value=\"plan_selection\" \/>\n\n\t\t<h3>\n\t\t\tA\u00f1adir registro en el listado\t\t<\/h3>\n\t\t\t<div class=\"wpbdp-submit-rootline\">\n\t        <div class=\"wpbdp-rootline-section wpbdp-submit-section-plan_selection wpbdp-submit-section-current wpbdp-submit-checked\" data-section-pos=\"1\">\n            <div class=\"wpbdp-rootline-bar\"><\/div>\n            <div class=\"wpbdp-rootline-circle\">\n                <div class=\"wpbdp-rootline-counter\">\n                                <span>1<\/span>\n                <\/div>\n            <\/div>\n            <div class=\"wpbdp-rootline-section-name\">SELECCI\u00d3N DE CATEGOR\u00cdA<\/div>\n        <\/div>\n            <div class=\"wpbdp-rootline-section wpbdp-submit-section-listing_fields\" data-section-pos=\"2\">\n            <div class=\"wpbdp-rootline-bar\"><\/div>\n            <div class=\"wpbdp-rootline-circle\">\n                <div class=\"wpbdp-rootline-counter\">\n                                <span>2<\/span>\n                <\/div>\n            <\/div>\n            <div class=\"wpbdp-rootline-section-name\">INFORMACI\u00d3N DEL REGISTRO<\/div>\n        <\/div>\n            <div class=\"wpbdp-rootline-section wpbdp-submit-section-listing_images\" data-section-pos=\"3\">\n            <div class=\"wpbdp-rootline-bar\"><\/div>\n            <div class=\"wpbdp-rootline-circle\">\n                <div class=\"wpbdp-rootline-counter\">\n                                <span>3<\/span>\n                <\/div>\n            <\/div>\n            <div class=\"wpbdp-rootline-section-name\">IM\u00c1GENES DEL REGISTRO<\/div>\n        <\/div>\n    <\/div>\n<div class=\"wpbdp-submit-listing-section wpbdp-submit-listing-section-plan_selection enabled\" data-section-id=\"plan_selection\">\n    <div class=\"wpbdp-submit-listing-section-content\">\n\t\t\n        <div class=\"wpbdp-category-selection-with-tip\">\n\n    <div class=\"wpbdp-form-field wpbdp-form-field-id-2 wpbdp-form-field-type-select wpbdp-form-field-label-industry wpbdp-form-field-association-category wpbdp-form-field-validate-required wpbdp-form-field-in-submit wpbdp-half\" ><div class=\"wpbdp-form-field-label\"><label for=\"wpbdp-field-2\">SECTOR *<span class=\"wpbdp-form-field-required-indicator\">*<\/span><\/label><\/div><div class=\"wpbdp-form-field-html wpbdp-form-field-inner\"><select  name='listingfields[2]' id='wpbdp-field-2' class='wpbdp-js-select2' >\n\t<option value='' selected='selected'>&#8212; Choose One &#8212;<\/option>\n\t<option class=\"level-0\" value=\"26\">Aeroespacial<\/option>\n\t<option class=\"level-0\" value=\"27\">Maquinaria agr\u00edcola<\/option>\n\t<option class=\"level-0\" value=\"28\">Automotor<\/option>\n\t<option class=\"level-0\" value=\"29\">Building &amp; Construction<\/option>\n\t<option class=\"level-0\" value=\"30\">Servicios comerciales<\/option>\n\t<option class=\"level-0\" value=\"31\">Productos qu\u00edmicos<\/option>\n\t<option class=\"level-0\" value=\"32\">Defensa<\/option>\n\t<option class=\"level-0\" value=\"37\">E-Commerce<\/option>\n\t<option class=\"level-0\" value=\"34\">Energ\u00eda<\/option>\n\t<option class=\"level-0\" value=\"38\">Ambiente<\/option>\n\t<option class=\"level-0\" value=\"39\">Tecnolog\u00eda financiera<\/option>\n\t<option class=\"level-0\" value=\"35\">Food &amp; Beverage<\/option>\n\t<option class=\"level-0\" value=\"25\">General<\/option>\n\t<option class=\"level-0\" value=\"40\">Atenci\u00f3n m\u00e9dica<\/option>\n\t<option class=\"level-0\" value=\"41\">Ciencias de la vida<\/option>\n\t<option class=\"level-0\" value=\"42\">Log\u00edstica<\/option>\n\t<option class=\"level-0\" value=\"43\">Fabricaci\u00f3n<\/option>\n\t<option class=\"level-0\" value=\"44\">Dispositivos m\u00e9dicos<\/option>\n\t<option class=\"level-0\" value=\"36\">Miner\u00eda<\/option>\n\t<option class=\"level-0\" value=\"50\">Otros<\/option>\n\t<option class=\"level-0\" value=\"45\">Farmacolog\u00eda<\/option>\n\t<option class=\"level-0\" value=\"46\">Tecnolog\u00eda<\/option>\n\t<option class=\"level-0\" value=\"47\">Textiles<\/option>\n<\/select>\n<\/div><\/div><\/div>\n\n    <input type=\"hidden\" name=\"listing_plan\" value=\"2\" \/>\n    <input type=\"hidden\" name=\"skip_plan_selection\" value=\"1\" \/>\n\n    <div class=\"wpbdp-plan-selection-wrapper\" data-breakpoints='{\"tiny\": [0,410], \"small\": [410,560], \"medium\": [560,710], \"large\": [710,999999]}' data-breakpoints-class-prefix=\"wpbdp-size\">\n        <div class=\"wpbdp-plan-selection\">\n            <div class=\"wpbdp-plan-selection-list\">\n                    <div class=\"wpbdp-plan wpbdp-plan-2 wpbdp-plan-info-box wpbdp-clearfix display-only\"\n         data-id=\"2\"\n         data-disabled=\"0\"\n         data-recurring=\"0\"\n         data-free-text=\"Free\"\n         data-categories=\"all\"\n         data-pricing-model=\"flat\"\n         data-amount=\"0\"\n         data-amount-format=\"$ [amount]\"\n         data-pricing-details=\"[]\" >\n        <div class=\"wpbdp-plan-details\">\n        <div class=\"wpbdp-plan-label\">Free Listing<\/div>\n\n\t\t\t\n            <ul class=\"wpbdp-plan-feature-list\">\n\t\t        <li class=\"wpbdp-plan-duration\">\n\t\t\t\t\t\t\t            <span class=\"wpbdp-plan-duration-never-expires\">\n\t\t                Never Expires\t\t            <\/span>\n\t\t            \t\t        <\/li>\n\t\t\t\t                <li>2 images allowed.<\/li>\n                            <\/ul>\n        <\/div>\n        <div class=\"wpbdp-plan-price\">\n\t\t\t<span class=\"wpbdp-plan-price-amount\">Free<\/span>\n\n\t\t\t\t\t\t\t<input type=\"hidden\" name=\"\" value=\"2\">\n\t\t\t        <\/div>\n\n\t\t        \n    <\/div>\n            <\/div>\n        <\/div>\n    <\/div>\n        <div class=\"wpbdp-submit-listing-form-actions wpbdp-full\">\n                    <button class=\"submit-next-button wpbdp-button\" data-next-section=\"listing_fields\">SIGUIENTE<\/button>\n\t\t\t        <\/div>\n    <\/div>\n<\/div>\n<div class=\"wpbdp-submit-listing-section wpbdp-submit-listing-section-listing_fields enabled hidden\" data-section-id=\"listing_fields\">\n    <div class=\"wpbdp-submit-listing-section-content wpbdp-grid\">\n\t\t\n        <div class=\"wpbdp-form-field wpbdp-form-field-id-1 wpbdp-form-field-type-textfield wpbdp-form-field-label-company_name wpbdp-form-field-association-title wpbdp-form-field-validate-required wpbdp-form-field-in-submit wpbdp-full\" ><div class=\"wpbdp-form-field-label\"><label for=\"wpbdp-field-1\">Nombre de la empresa<span class=\"wpbdp-form-field-required-indicator\">*<\/span><\/label><\/div><div class=\"wpbdp-form-field-html wpbdp-form-field-inner\"><input type=\"text\" id=\"wpbdp-field-1\" name=\"listingfields[1]\" value=\"\"  \/><\/div><\/div><div class=\"wpbdp-form-field wpbdp-form-field-id-15 wpbdp-form-field-type-textfield wpbdp-form-field-label-primary_contact_person wpbdp-form-field-association-meta wpbdp-form-field-validate-required wpbdp-form-field-in-submit wpbdp-half\" ><div class=\"wpbdp-form-field-label\"><label for=\"wpbdp-field-15\">CONTACTO PRINCIPAL<span class=\"wpbdp-form-field-required-indicator\">*<\/span><\/label><\/div><div class=\"wpbdp-form-field-html wpbdp-form-field-inner\"><input type=\"text\" id=\"wpbdp-field-15\" name=\"listingfields[15]\" value=\"\"  \/><\/div><\/div><div class=\"wpbdp-form-field wpbdp-form-field-id-13 wpbdp-form-field-type-textfield wpbdp-form-field-label-other_industrycategory_if_applicable wpbdp-form-field-association-meta wpbdp-form-field-in-submit wpbdp-half\" ><div class=\"wpbdp-form-field-label\"><label for=\"wpbdp-field-13\">OTRA INDUSTRIA \/ CATEGOR\u00cdA (SI FUESE APLICABLE)<\/label><\/div><div class=\"wpbdp-form-field-html wpbdp-form-field-inner\"><input type=\"text\" id=\"wpbdp-field-13\" name=\"listingfields[13]\" value=\"\"  \/><\/div><\/div><div class=\"wpbdp-form-field wpbdp-form-field-id-3 wpbdp-form-field-type-textarea wpbdp-form-field-label-brief_overview wpbdp-form-field-association-excerpt wpbdp-form-field-in-submit wpbdp-full\" ><div class=\"wpbdp-form-field-label\"><label for=\"wpbdp-field-3\">BREVE VISI\u00d3N<\/label><\/div><div class=\"wpbdp-form-field-html wpbdp-form-field-inner\"><textarea id=\"wpbdp-field-3\" name=\"listingfields[3]\"><\/textarea><\/div><\/div><div class=\"wpbdp-form-field wpbdp-form-field-id-4 wpbdp-form-field-type-textarea wpbdp-form-field-label-full_description wpbdp-form-field-association-content wpbdp-form-field-validate-required wpbdp-form-field-in-submit wpbdp-full\" ><div class=\"wpbdp-form-field-label\"><label for=\"wpbdp-field-4\">DESCRIPCI\u00d3N COMPLETA<span class=\"wpbdp-form-field-required-indicator\">*<\/span><\/label><\/div><div class=\"wpbdp-form-field-html wpbdp-form-field-inner\"><textarea id=\"wpbdp-field-4\" name=\"listingfields[4]\"><\/textarea><\/div><\/div><div class=\"wpbdp-form-field wpbdp-form-field-id-5 wpbdp-form-field-type-url wpbdp-form-field-label-website wpbdp-form-field-association-meta wpbdp-form-field-validate-url wpbdp-form-field-in-submit wpbdp-full wpbdp-clearfix\" ><div class=\"wpbdp-form-field-label\"><label for=\"wpbdp-field-5\">SITIO WEB<\/label><\/div><div class=\"wpbdp-form-field-html wpbdp-form-field-inner\"><div class=\"wpbdp-grid\"><div class=\"wpbdp-url-field-col wpbdp-half\"><label for=\"wpbdp-field-5-url\"><span class=\"sublabel\">URL<\/span><\/label><input type=\"text\" id=\"wpbdp-field-5\" name=\"listingfields[5][0]\" value=\"\" \/><\/div><div class=\"wpbdp-url-field-col wpbdp-half\"><label for=\"wpbdp-field-5-title\"><span class=\"sublabel\">TEXTO \u2013 ENLACE (OPCIONAL)<\/span><\/label><input type=\"text\" id=\"wpbdp-field-5-title\" name=\"listingfields[5][1]\" value=\"\" placeholder=\"\" \/><\/div><\/div><\/div><\/div><div class=\"wpbdp-form-field wpbdp-form-field-id-6 wpbdp-form-field-type-textfield wpbdp-form-field-label-phone wpbdp-form-field-association-meta wpbdp-form-field-in-submit wpbdp-half\" ><div class=\"wpbdp-form-field-label\"><label for=\"wpbdp-field-6\">TELEFONO<\/label><\/div><div class=\"wpbdp-form-field-html wpbdp-form-field-inner\"><input type=\"text\" id=\"wpbdp-field-6\" name=\"listingfields[6]\" value=\"\"  \/><\/div><\/div><div class=\"wpbdp-form-field wpbdp-form-field-id-7 wpbdp-form-field-type-textfield wpbdp-form-field-label-email wpbdp-form-field-association-meta wpbdp-form-field-validate-email wpbdp-form-field-validate-required wpbdp-form-field-in-submit wpbdp-half\" ><div class=\"wpbdp-form-field-label\"><label for=\"wpbdp-field-7\">CORREO ELECTR\u00d3NICO<span class=\"wpbdp-form-field-required-indicator\">*<\/span><\/label><\/div><div class=\"wpbdp-form-field-html wpbdp-form-field-inner\"><input type=\"text\" id=\"wpbdp-field-7\" name=\"listingfields[7]\" value=\"\"  \/><\/div><\/div><div class=\"wpbdp-form-field wpbdp-form-field-id-8 wpbdp-form-field-type-textfield wpbdp-form-field-label-listing_tags wpbdp-form-field-association-tags wpbdp-form-field-in-submit wpbdp-half\" ><div class=\"wpbdp-form-field-label\"><label for=\"wpbdp-field-8\">ETIQUETAS DE LISTADO<\/label><\/div><div class=\"wpbdp-form-field-html wpbdp-form-field-inner\"><input type=\"text\" id=\"wpbdp-field-8\" name=\"listingfields[8]\" value=\"\"  \/><\/div><\/div><div class=\"wpbdp-form-field wpbdp-form-field-id-9 wpbdp-form-field-type-textarea wpbdp-form-field-label-address wpbdp-form-field-association-meta wpbdp-form-field-in-submit wpbdp-full\" ><div class=\"wpbdp-form-field-label\"><label for=\"wpbdp-field-9\">DIRECCI\u00d3N<\/label><\/div><div class=\"wpbdp-form-field-html wpbdp-form-field-inner\"><textarea id=\"wpbdp-field-9\" name=\"listingfields[9]\"><\/textarea><\/div><\/div><div class=\"wpbdp-form-field wpbdp-form-field-id-10 wpbdp-form-field-type-textfield wpbdp-form-field-label-zip_code wpbdp-form-field-association-meta wpbdp-form-field-in-submit wpbdp-half\" ><div class=\"wpbdp-form-field-label\"><label for=\"wpbdp-field-10\">C\u00f3digo postal<\/label><\/div><div class=\"wpbdp-form-field-html wpbdp-form-field-inner\"><input type=\"text\" id=\"wpbdp-field-10\" name=\"listingfields[10]\" value=\"\"  \/><\/div><\/div><div class=\"wpbdp-form-field wpbdp-form-field-id-11 wpbdp-form-field-type-textfield wpbdp-form-field-label-hs_code wpbdp-form-field-association-meta wpbdp-form-field-in-submit wpbdp-half\" ><div class=\"wpbdp-form-field-label\"><label for=\"wpbdp-field-11\">C\u00f3digo(s) HS<\/label><\/div><div class=\"wpbdp-form-field-html wpbdp-form-field-inner\"><input type=\"text\" id=\"wpbdp-field-11\" name=\"listingfields[11]\" value=\"\"  \/><\/div><\/div><div class=\"wpbdp-form-field wpbdp-form-field-id-12 wpbdp-form-field-type-url wpbdp-form-field-label-link_to_catalog wpbdp-form-field-association-meta wpbdp-form-field-validate-url wpbdp-form-field-in-submit wpbdp-full wpbdp-clearfix\" ><div class=\"wpbdp-form-field-label\"><label for=\"wpbdp-field-12\">ENLACE A CAT\u00c1LOGO<\/label><\/div><div class=\"wpbdp-form-field-html wpbdp-form-field-inner\"><div class=\"wpbdp-grid\"><div class=\"wpbdp-url-field-col wpbdp-half\"><label for=\"wpbdp-field-12-url\"><span class=\"sublabel\">URL<\/span><\/label><input type=\"text\" id=\"wpbdp-field-12\" name=\"listingfields[12][0]\" value=\"\" \/><\/div><div class=\"wpbdp-url-field-col wpbdp-half\"><label for=\"wpbdp-field-12-title\"><span class=\"sublabel\">TEXTO \u2013 ENLACE (OPCIONAL)<\/span><\/label><input type=\"text\" id=\"wpbdp-field-12-title\" name=\"listingfields[12][1]\" value=\"\" placeholder=\"\" \/><\/div><\/div><\/div><\/div><div class=\"wpbdp-form-field wpbdp-form-field-id-14 wpbdp-form-field-type-checkbox wpbdp-form-field-label-acknowledgement wpbdp-form-field-association-meta wpbdp-form-field-validate-required wpbdp-form-field-in-submit wpbdp-half\" ><div class=\"wpbdp-form-field-label\"><label for=\"wpbdp-field-14\">RECONOCIMIENTO*<span class=\"wpbdp-form-field-required-indicator\">*<\/span><\/label><\/div><div class=\"wpbdp-form-field-html wpbdp-form-field-inner\"><input type=\"hidden\" name=\"listingfields[14][]\" value=\"\" \/><div class=\"wpbdp-inner-field-option wpbdp-inner-field-option-by_checking_this_box_i_hereby_attest_that_the_information_that_i_am_submitting_is_true_and_correct wpbdp-inner-checkbox wpbdp-inner-checkbox-1 wpbdp-inner-checkbox-by_checking_this_box_i_hereby_attest_that_the_information_that_i_am_submitting_is_true_and_correct\"><label for=\"wpbdp-field-0-By checking this box, I hereby attest that the information that I am submitting is true and correct.\"><input id=\"wpbdp-field-0-By checking this box, I hereby attest that the information that I am submitting is true and correct.\" type=\"checkbox\" name=\"listingfields[14][]\" value=\"By checking this box, I hereby attest that the information that I am submitting is true and correct.\" \/> AL MARCAR ESTA CASILLA, DOY FE QUE LA INFORMACI\u00d3N QUE ENV\u00cdO ES VERDADERA Y CORRECTA.<\/label><\/div><\/div><\/div><a class=\"reset wpbdp-full\" href=\"#\">Clear Form<\/a>        <div class=\"wpbdp-submit-listing-form-actions wpbdp-full\">\n        \t\t\t<button class=\"submit-back-button wpbdp-button\" data-previous-section=\"plan_selection\">REGRESAR<\/button>\n\t\t\t            <button class=\"submit-next-button wpbdp-button\" data-next-section=\"listing_images\">SIGUIENTE<\/button>\n\t\t\t        <\/div>\n    <\/div>\n<\/div>\n<div class=\"wpbdp-submit-listing-section wpbdp-submit-listing-section-listing_images enabled hidden\" data-section-id=\"listing_images\">\n    <div class=\"wpbdp-submit-listing-section-content\">\n\t\t\n        <input type=\"hidden\" id=\"_thumbnail_id\" name=\"_thumbnail_id\" value=\"0\"\/>\n\n<div id=\"current-images-header\" style=\"display: none;\">\n    Current Images<\/div>\n\n<div id=\"wpbdp-uploaded-images\" class=\"cf\">\n\n<\/div>\n\n\n\n<div class=\"image-upload-wrapper\">\n    <label class=\"image-upload-header\" for=\"uploaded-images\">\n        SUBIR IM\u00c1GENES    <\/label>\n\n            <div id=\"image-upload-conditions\">\n            <span id=\"image-upload-general-conditions\">File size: 0 - 10 MB; Image width: 0px - 500px; Image height: 0px - 500px<\/span>\n            <span id=\"image-slots-total\" class=\"wpbdp-hidden\">2<\/span>\n            <span id=\"image-slots-available\">Image slots available: <span id=\"image-slots-remaining\">2<\/span><\/span>\n        <\/div>\n            <div class=\"area-and-conditions cf\">\n    <div id=\"image-upload-dnd-area\" class=\"wpbdp-dnd-area\" data-action=\"https:\/\/southernillinoisexports.org\/wp-admin\/admin-ajax.php?action=wpbdp-listing-submit-image-upload&#038;listing_id=7170&#038;_wpnonce=28043a3ba3\" data-admin-nonce=\"\" >\n            <div class=\"dnd-area-inside\">\n                <p class=\"dnd-message\">SOLTAR ARCHIVOS AQU\u00cd<\/p>\n                <p>O<\/p>\n                <p class=\"dnd-buttons\"><label for=\"uploaded-images\" class=\"upload-button\"><a>SELECCIONAR IM\u00c1GENES DE SU DISCO DURO<\/a><input id=\"uploaded-images\" type=\"file\" name=\"images[]\" multiple=\"multiple\" \/><\/label><\/p>\n            <\/div>\n            <div class=\"dnd-area-inside-working\" style=\"display: none;\">\n                <p>\n                Uploading <span>0<\/span> file(s)... Please wait.                <\/p>\n            <\/div>\n            <div class=\"dnd-area-inside-error\" style=\"display: none;\">\n                <p id=\"noslots-message\" style=\"display: none;\">Your image slots are all full. You may click &quot;Delete Image&quot; to upload a new image.<\/p>\n            <\/div>\n        <\/div>\n    <\/div>\n<\/div>\n<script>\ndocument.addEventListener( 'DOMContentLoaded', function () {\n\twpbdp.listingSubmit.images.init();\n}, false );\n<\/script>\n        <div class=\"wpbdp-submit-listing-form-actions wpbdp-full\">\n        \t\t\t<button class=\"submit-back-button wpbdp-button\" data-previous-section=\"listing_fields\">REGRESAR<\/button>\n\t\t\t\t\t\t<button type=\"submit\" id=\"wpbdp-submit-listing-submit-btn\" class=\"wpbdp-button\">COMPLETAR LISTADO<\/button>\n                <\/div>\n    <\/div>\n<\/div>\n    <input type=\"hidden\" name=\"trp-form-language\" value=\"es\"\/><\/form>\n<\/div>\n<\/p>\n<p>&nbsp;<\/p>\n<p><em>*El env\u00edo de este formulario no garantiza la inclusi\u00f3n en el listado del directorio de exportaciones del sur de Illinois<\/em><\/p>","protected":false},"excerpt":{"rendered":"<p>The Southern Illinois Exports Directory is a no-cost marketing tool that facilitates virtual connections between international buyers and suppliers from [&hellip;]<\/p>","protected":false},"author":1,"featured_media":0,"parent":0,"menu_order":0,"comment_status":"closed","ping_status":"closed","template":"","meta":[],"_links":{"self":[{"href":"https:\/\/southernillinoisexports.org\/es\/wp-json\/wp\/v2\/pages\/159"}],"collection":[{"href":"https:\/\/southernillinoisexports.org\/es\/wp-json\/wp\/v2\/pages"}],"about":[{"href":"https:\/\/southernillinoisexports.org\/es\/wp-json\/wp\/v2\/types\/page"}],"author":[{"embeddable":true,"href":"https:\/\/southernillinoisexports.org\/es\/wp-json\/wp\/v2\/users\/1"}],"replies":[{"embeddable":true,"href":"https:\/\/southernillinoisexports.org\/es\/wp-json\/wp\/v2\/comments?post=159"}],"version-history":[{"count":3,"href":"https:\/\/southernillinoisexports.org\/es\/wp-json\/wp\/v2\/pages\/159\/revisions"}],"predecessor-version":[{"id":298,"href":"https:\/\/southernillinoisexports.org\/es\/wp-json\/wp\/v2\/pages\/159\/revisions\/298"}],"wp:attachment":[{"href":"https:\/\/southernillinoisexports.org\/es\/wp-json\/wp\/v2\/media?parent=159"}],"curies":[{"name":"wp","href":"https:\/\/api.w.org\/{rel}","templated":true}]}}